{"id":527,"date":"2023-05-28T11:17:48","date_gmt":"2023-05-28T11:17:48","guid":{"rendered":"https:\/\/savethehungarianorthodoxy.hu\/sample-page\/"},"modified":"2023-08-30T16:20:12","modified_gmt":"2023-08-30T16:20:12","slug":"sample-page","status":"publish","type":"page","link":"https:\/\/savethehungarianorthodoxy.hu\/en\/","title":{"rendered":"Save the Hungarian Orthodoxy"},"content":{"rendered":"","protected":false},"excerpt":{"rendered":"","protected":false},"author":1,"featured_media":395,"parent":0,"menu_order":0,"comment_status":"closed","ping_status":"closed","template":"","meta":{"footnotes":""},"class_list":["post-527","page","type-page","status-publish","has-post-thumbnail","hentry"],"acf":[],"yoast_head":"<!-- This site is optimized with the Yoast SEO plugin v21.8 - https:\/\/yoast.com\/wordpress\/plugins\/seo\/ -->\n<title>Save the Hungarian Orthodoxy - Save the Hungarian Orthodoxy<\/title>\n<meta name=\"description\" content=\"The Hungarian orthodoxy is in grave danger! Our finances are in ruins, our religious life is under threat of discontinuation, and our properties are in tragic states! Whatever that was not destroyed during the Shoah was ruined during the communist occupation, then even deteriorated further under poor management. We require aid to survive! The storied 150-year history of our communities must not end!\" \/>\n<meta name=\"robots\" content=\"index, follow, max-snippet:-1, max-image-preview:large, max-video-preview:-1\" \/>\n<link rel=\"canonical\" href=\"https:\/\/savethehungarianorthodoxy.hu\/en\/\" \/>\n<meta property=\"og:locale\" content=\"en_US\" \/>\n<meta property=\"og:type\" content=\"article\" \/>\n<meta property=\"og:title\" content=\"Save the Hungarian Orthodoxy - Save the Hungarian Orthodoxy\" \/>\n<meta property=\"og:description\" content=\"The Hungarian orthodoxy is in grave danger! Our finances are in ruins, our religious life is under threat of discontinuation, and our properties are in tragic states! Whatever that was not destroyed during the Shoah was ruined during the communist occupation, then even deteriorated further under poor management. We require aid to survive! The storied 150-year history of our communities must not end!\" \/>\n<meta property=\"og:url\" content=\"https:\/\/savethehungarianorthodoxy.hu\/en\/\" \/>\n<meta property=\"og:site_name\" content=\"Save the Hungarian Orthodoxy\" \/>\n<meta property=\"article:modified_time\" content=\"2023-08-30T16:20:12+00:00\" \/>\n<meta property=\"og:image\" content=\"https:\/\/savethehungarianorthodoxy.hu\/wp-content\/uploads\/2023\/07\/DSC_2513-682x1024.jpg\" \/>\n\t<meta property=\"og:image:width\" content=\"682\" \/>\n\t<meta property=\"og:image:height\" content=\"1024\" \/>\n\t<meta property=\"og:image:type\" content=\"image\/jpeg\" \/>\n<meta name=\"twitter:card\" content=\"summary_large_image\" \/>\n<script type=\"application\/ld+json\" class=\"yoast-schema-graph\">{\"@context\":\"https:\/\/schema.org\",\"@graph\":[{\"@type\":\"WebPage\",\"@id\":\"https:\/\/savethehungarianorthodoxy.hu\/en\/\",\"url\":\"https:\/\/savethehungarianorthodoxy.hu\/en\/\",\"name\":\"Save the Hungarian Orthodoxy - Save the Hungarian Orthodoxy\",\"isPartOf\":{\"@id\":\"https:\/\/savethehungarianorthodoxy.hu\/en\/#website\"},\"datePublished\":\"2023-05-28T11:17:48+00:00\",\"dateModified\":\"2023-08-30T16:20:12+00:00\",\"description\":\"The Hungarian orthodoxy is in grave danger! Our finances are in ruins, our religious life is under threat of discontinuation, and our properties are in tragic states! Whatever that was not destroyed during the Shoah was ruined during the communist occupation, then even deteriorated further under poor management. We require aid to survive! The storied 150-year history of our communities must not end!\",\"breadcrumb\":{\"@id\":\"https:\/\/savethehungarianorthodoxy.hu\/en\/#breadcrumb\"},\"inLanguage\":\"en-US\",\"potentialAction\":[{\"@type\":\"ReadAction\",\"target\":[\"https:\/\/savethehungarianorthodoxy.hu\/en\/\"]}]},{\"@type\":\"BreadcrumbList\",\"@id\":\"https:\/\/savethehungarianorthodoxy.hu\/en\/#breadcrumb\",\"itemListElement\":[{\"@type\":\"ListItem\",\"position\":1,\"name\":\"Kezd\u0151lap\",\"item\":\"https:\/\/savethehungarianorthodoxy.hu\/en\/\"},{\"@type\":\"ListItem\",\"position\":2,\"name\":\"Save the Hungarian Orthodoxy\"}]},{\"@type\":\"WebSite\",\"@id\":\"https:\/\/savethehungarianorthodoxy.hu\/en\/#website\",\"url\":\"https:\/\/savethehungarianorthodoxy.hu\/en\/\",\"name\":\"Save the Hungarian Orthodoxy\",\"description\":\"Magyarorsz\u00e1gi Auton\u00f3m Orthodox Izraelita Hitk\u00f6zs\u00e9g\",\"potentialAction\":[{\"@type\":\"SearchAction\",\"target\":{\"@type\":\"EntryPoint\",\"urlTemplate\":\"https:\/\/savethehungarianorthodoxy.hu\/en\/?s={search_term_string}\"},\"query-input\":\"required name=search_term_string\"}],\"inLanguage\":\"en-US\"}]}<\/script>\n<!-- \/ Yoast SEO plugin. -->","yoast_head_json":{"title":"Save the Hungarian Orthodoxy - Save the Hungarian Orthodoxy","description":"The Hungarian orthodoxy is in grave danger! Our finances are in ruins, our religious life is under threat of discontinuation, and our properties are in tragic states! Whatever that was not destroyed during the Shoah was ruined during the communist occupation, then even deteriorated further under poor management. We require aid to survive! The storied 150-year history of our communities must not end!","robots":{"index":"index","follow":"follow","max-snippet":"max-snippet:-1","max-image-preview":"max-image-preview:large","max-video-preview":"max-video-preview:-1"},"canonical":"https:\/\/savethehungarianorthodoxy.hu\/en\/","og_locale":"en_US","og_type":"article","og_title":"Save the Hungarian Orthodoxy - Save the Hungarian Orthodoxy","og_description":"The Hungarian orthodoxy is in grave danger! Our finances are in ruins, our religious life is under threat of discontinuation, and our properties are in tragic states! Whatever that was not destroyed during the Shoah was ruined during the communist occupation, then even deteriorated further under poor management. We require aid to survive! The storied 150-year history of our communities must not end!","og_url":"https:\/\/savethehungarianorthodoxy.hu\/en\/","og_site_name":"Save the Hungarian Orthodoxy","article_modified_time":"2023-08-30T16:20:12+00:00","og_image":[{"width":682,"height":1024,"url":"https:\/\/savethehungarianorthodoxy.hu\/wp-content\/uploads\/2023\/07\/DSC_2513-682x1024.jpg","type":"image\/jpeg"}],"twitter_card":"summary_large_image","schema":{"@context":"https:\/\/schema.org","@graph":[{"@type":"WebPage","@id":"https:\/\/savethehungarianorthodoxy.hu\/en\/","url":"https:\/\/savethehungarianorthodoxy.hu\/en\/","name":"Save the Hungarian Orthodoxy - Save the Hungarian Orthodoxy","isPartOf":{"@id":"https:\/\/savethehungarianorthodoxy.hu\/en\/#website"},"datePublished":"2023-05-28T11:17:48+00:00","dateModified":"2023-08-30T16:20:12+00:00","description":"The Hungarian orthodoxy is in grave danger! Our finances are in ruins, our religious life is under threat of discontinuation, and our properties are in tragic states! Whatever that was not destroyed during the Shoah was ruined during the communist occupation, then even deteriorated further under poor management. We require aid to survive! The storied 150-year history of our communities must not end!","breadcrumb":{"@id":"https:\/\/savethehungarianorthodoxy.hu\/en\/#breadcrumb"},"inLanguage":"en-US","potentialAction":[{"@type":"ReadAction","target":["https:\/\/savethehungarianorthodoxy.hu\/en\/"]}]},{"@type":"BreadcrumbList","@id":"https:\/\/savethehungarianorthodoxy.hu\/en\/#breadcrumb","itemListElement":[{"@type":"ListItem","position":1,"name":"Kezd\u0151lap","item":"https:\/\/savethehungarianorthodoxy.hu\/en\/"},{"@type":"ListItem","position":2,"name":"Save the Hungarian Orthodoxy"}]},{"@type":"WebSite","@id":"https:\/\/savethehungarianorthodoxy.hu\/en\/#website","url":"https:\/\/savethehungarianorthodoxy.hu\/en\/","name":"Save the Hungarian Orthodoxy","description":"Magyarorsz\u00e1gi Auton\u00f3m Orthodox Izraelita Hitk\u00f6zs\u00e9g","potentialAction":[{"@type":"SearchAction","target":{"@type":"EntryPoint","urlTemplate":"https:\/\/savethehungarianorthodoxy.hu\/en\/?s={search_term_string}"},"query-input":"required name=search_term_string"}],"inLanguage":"en-US"}]}},"_links":{"self":[{"href":"https:\/\/savethehungarianorthodoxy.hu\/en\/wp-json\/wp\/v2\/pages\/527","targetHints":{"allow":["GET"]}}],"collection":[{"href":"https:\/\/savethehungarianorthodoxy.hu\/en\/wp-json\/wp\/v2\/pages"}],"about":[{"href":"https:\/\/savethehungarianorthodoxy.hu\/en\/wp-json\/wp\/v2\/types\/page"}],"author":[{"embeddable":true,"href":"https:\/\/savethehungarianorthodoxy.hu\/en\/wp-json\/wp\/v2\/users\/1"}],"replies":[{"embeddable":true,"href":"https:\/\/savethehungarianorthodoxy.hu\/en\/wp-json\/wp\/v2\/comments?post=527"}],"version-history":[{"count":7,"href":"https:\/\/savethehungarianorthodoxy.hu\/en\/wp-json\/wp\/v2\/pages\/527\/revisions"}],"predecessor-version":[{"id":622,"href":"https:\/\/savethehungarianorthodoxy.hu\/en\/wp-json\/wp\/v2\/pages\/527\/revisions\/622"}],"wp:featuredmedia":[{"embeddable":true,"href":"https:\/\/savethehungarianorthodoxy.hu\/en\/wp-json\/wp\/v2\/media\/395"}],"wp:attachment":[{"href":"https:\/\/savethehungarianorthodoxy.hu\/en\/wp-json\/wp\/v2\/media?parent=527"}],"curies":[{"name":"wp","href":"https:\/\/api.w.org\/{rel}","templated":true}]}}