{"id":525,"date":"2023-08-02T10:51:31","date_gmt":"2023-08-02T10:51:31","guid":{"rendered":"https:\/\/savethehungarianorthodoxy.hu\/adomanyozas\/"},"modified":"2023-08-09T05:53:13","modified_gmt":"2023-08-09T05:53:13","slug":"adomanyozas","status":"publish","type":"page","link":"https:\/\/savethehungarianorthodoxy.hu\/en\/adomanyozas\/","title":{"rendered":"Tzedakah &#8211; Make a donation"},"content":{"rendered":"<p>To give is a micvah<\/p>\n","protected":false},"excerpt":{"rendered":"<p>To give is a micvah<\/p>\n","protected":false},"author":1,"featured_media":0,"parent":0,"menu_order":0,"comment_status":"closed","ping_status":"closed","template":"templates\/tamogatas.php","meta":{"footnotes":""},"class_list":["post-525","page","type-page","status-publish","hentry"],"acf":[],"yoast_head":"<!-- This site is optimized with the Yoast SEO plugin v21.8 - https:\/\/yoast.com\/wordpress\/plugins\/seo\/ -->\n<title>Tzedakah - Make a donation - Save the Hungarian Orthodoxy<\/title>\n<meta name=\"robots\" content=\"index, follow, max-snippet:-1, max-image-preview:large, max-video-preview:-1\" \/>\n<link rel=\"canonical\" href=\"https:\/\/savethehungarianorthodoxy.hu\/en\/adomanyozas\/\" \/>\n<meta property=\"og:locale\" content=\"en_US\" \/>\n<meta property=\"og:type\" content=\"article\" \/>\n<meta property=\"og:title\" content=\"Tzedakah - Make a donation - Save the Hungarian Orthodoxy\" \/>\n<meta property=\"og:description\" content=\"To give is a micvah\" \/>\n<meta property=\"og:url\" content=\"https:\/\/savethehungarianorthodoxy.hu\/en\/adomanyozas\/\" \/>\n<meta property=\"og:site_name\" content=\"Save the Hungarian Orthodoxy\" \/>\n<meta property=\"article:modified_time\" content=\"2023-08-09T05:53:13+00:00\" \/>\n<meta name=\"twitter:card\" content=\"summary_large_image\" \/>\n<script type=\"application\/ld+json\" class=\"yoast-schema-graph\">{\"@context\":\"https:\/\/schema.org\",\"@graph\":[{\"@type\":\"WebPage\",\"@id\":\"https:\/\/savethehungarianorthodoxy.hu\/en\/adomanyozas\/\",\"url\":\"https:\/\/savethehungarianorthodoxy.hu\/en\/adomanyozas\/\",\"name\":\"Tzedakah - Make a donation - Save the Hungarian Orthodoxy\",\"isPartOf\":{\"@id\":\"https:\/\/savethehungarianorthodoxy.hu\/en\/#website\"},\"datePublished\":\"2023-08-02T10:51:31+00:00\",\"dateModified\":\"2023-08-09T05:53:13+00:00\",\"breadcrumb\":{\"@id\":\"https:\/\/savethehungarianorthodoxy.hu\/en\/adomanyozas\/#breadcrumb\"},\"inLanguage\":\"en-US\",\"potentialAction\":[{\"@type\":\"ReadAction\",\"target\":[\"https:\/\/savethehungarianorthodoxy.hu\/en\/adomanyozas\/\"]}]},{\"@type\":\"BreadcrumbList\",\"@id\":\"https:\/\/savethehungarianorthodoxy.hu\/en\/adomanyozas\/#breadcrumb\",\"itemListElement\":[{\"@type\":\"ListItem\",\"position\":1,\"name\":\"Kezd\u0151lap\",\"item\":\"https:\/\/savethehungarianorthodoxy.hu\/en\/\"},{\"@type\":\"ListItem\",\"position\":2,\"name\":\"Tzedakah &#8211; Make a donation\"}]},{\"@type\":\"WebSite\",\"@id\":\"https:\/\/savethehungarianorthodoxy.hu\/en\/#website\",\"url\":\"https:\/\/savethehungarianorthodoxy.hu\/en\/\",\"name\":\"Save the Hungarian Orthodoxy\",\"description\":\"Magyarorsz\u00e1gi Auton\u00f3m Orthodox Izraelita Hitk\u00f6zs\u00e9g\",\"potentialAction\":[{\"@type\":\"SearchAction\",\"target\":{\"@type\":\"EntryPoint\",\"urlTemplate\":\"https:\/\/savethehungarianorthodoxy.hu\/en\/?s={search_term_string}\"},\"query-input\":\"required name=search_term_string\"}],\"inLanguage\":\"en-US\"}]}<\/script>\n<!-- \/ Yoast SEO plugin. -->","yoast_head_json":{"title":"Tzedakah - Make a donation - Save the Hungarian Orthodoxy","robots":{"index":"index","follow":"follow","max-snippet":"max-snippet:-1","max-image-preview":"max-image-preview:large","max-video-preview":"max-video-preview:-1"},"canonical":"https:\/\/savethehungarianorthodoxy.hu\/en\/adomanyozas\/","og_locale":"en_US","og_type":"article","og_title":"Tzedakah - Make a donation - Save the Hungarian Orthodoxy","og_description":"To give is a micvah","og_url":"https:\/\/savethehungarianorthodoxy.hu\/en\/adomanyozas\/","og_site_name":"Save the Hungarian Orthodoxy","article_modified_time":"2023-08-09T05:53:13+00:00","twitter_card":"summary_large_image","schema":{"@context":"https:\/\/schema.org","@graph":[{"@type":"WebPage","@id":"https:\/\/savethehungarianorthodoxy.hu\/en\/adomanyozas\/","url":"https:\/\/savethehungarianorthodoxy.hu\/en\/adomanyozas\/","name":"Tzedakah - Make a donation - Save the Hungarian Orthodoxy","isPartOf":{"@id":"https:\/\/savethehungarianorthodoxy.hu\/en\/#website"},"datePublished":"2023-08-02T10:51:31+00:00","dateModified":"2023-08-09T05:53:13+00:00","breadcrumb":{"@id":"https:\/\/savethehungarianorthodoxy.hu\/en\/adomanyozas\/#breadcrumb"},"inLanguage":"en-US","potentialAction":[{"@type":"ReadAction","target":["https:\/\/savethehungarianorthodoxy.hu\/en\/adomanyozas\/"]}]},{"@type":"BreadcrumbList","@id":"https:\/\/savethehungarianorthodoxy.hu\/en\/adomanyozas\/#breadcrumb","itemListElement":[{"@type":"ListItem","position":1,"name":"Kezd\u0151lap","item":"https:\/\/savethehungarianorthodoxy.hu\/en\/"},{"@type":"ListItem","position":2,"name":"Tzedakah &#8211; Make a donation"}]},{"@type":"WebSite","@id":"https:\/\/savethehungarianorthodoxy.hu\/en\/#website","url":"https:\/\/savethehungarianorthodoxy.hu\/en\/","name":"Save the Hungarian Orthodoxy","description":"Magyarorsz\u00e1gi Auton\u00f3m Orthodox Izraelita Hitk\u00f6zs\u00e9g","potentialAction":[{"@type":"SearchAction","target":{"@type":"EntryPoint","urlTemplate":"https:\/\/savethehungarianorthodoxy.hu\/en\/?s={search_term_string}"},"query-input":"required name=search_term_string"}],"inLanguage":"en-US"}]}},"_links":{"self":[{"href":"https:\/\/savethehungarianorthodoxy.hu\/en\/wp-json\/wp\/v2\/pages\/525","targetHints":{"allow":["GET"]}}],"collection":[{"href":"https:\/\/savethehungarianorthodoxy.hu\/en\/wp-json\/wp\/v2\/pages"}],"about":[{"href":"https:\/\/savethehungarianorthodoxy.hu\/en\/wp-json\/wp\/v2\/types\/page"}],"author":[{"embeddable":true,"href":"https:\/\/savethehungarianorthodoxy.hu\/en\/wp-json\/wp\/v2\/users\/1"}],"replies":[{"embeddable":true,"href":"https:\/\/savethehungarianorthodoxy.hu\/en\/wp-json\/wp\/v2\/comments?post=525"}],"version-history":[{"count":7,"href":"https:\/\/savethehungarianorthodoxy.hu\/en\/wp-json\/wp\/v2\/pages\/525\/revisions"}],"predecessor-version":[{"id":561,"href":"https:\/\/savethehungarianorthodoxy.hu\/en\/wp-json\/wp\/v2\/pages\/525\/revisions\/561"}],"wp:attachment":[{"href":"https:\/\/savethehungarianorthodoxy.hu\/en\/wp-json\/wp\/v2\/media?parent=525"}],"curies":[{"name":"wp","href":"https:\/\/api.w.org\/{rel}","templated":true}]}}